{"id":1850,"date":"2025-03-11T13:59:15","date_gmt":"2025-03-11T17:59:15","guid":{"rendered":"https:\/\/hgsound.mundonuevo.net\/sp\/?page_id=1850"},"modified":"2026-04-28T09:26:18","modified_gmt":"2026-04-28T13:26:18","slug":"quienes-somos","status":"publish","type":"page","link":"https:\/\/hgsound.mundonuevo.net\/sp\/quienes-somos\/","title":{"rendered":"Quienes somos"},"content":{"rendered":"<div id=\"pl-1850\"  class=\"panel-layout\" ><div id=\"pg-1850-0\"  class=\"panel-grid panel-no-style\" ><div id=\"pgc-1850-0-0\"  class=\"panel-grid-cell\" ><div id=\"panel-1850-0-0-0\" class=\"so-panel widget widget_sow-editor panel-first-child panel-last-child\" data-index=\"0\" ><div\n\t\t\t\n\t\t\tclass=\"so-widget-sow-editor so-widget-sow-editor-base\"\n\t\t\t\n\t\t>\n<div class=\"siteorigin-widget-tinymce textwidget\">\n\t<h6 data-path-to-node=\"5,0\"><strong>HG Sound: Excelencia en Audio con Legado T\u00e9cnico<\/strong><\/h6>\n<h6 data-path-to-node=\"5,1\">Fundada en Ponce en 2021, <strong>HG Sound<\/strong> es una compa\u00f1\u00eda boutique de sonido en vivo que combina d\u00e9cadas de maestr\u00eda t\u00e9cnica con tecnolog\u00eda de vanguardia. Nos especializamos en dise\u00f1ar experiencias ac\u00fasticas a medida para DJs, bandas, agrupaciones y solistas, adem\u00e1s de ofrecer soluciones integrales para eventos corporativos, deportivos y de mercadeo.<\/h6>\n<h6 data-path-to-node=\"5,2\">Detr\u00e1s de HG Sound se encuentra <strong>Herman G\u00f3mez<\/strong>, cuya trayectoria en el audio profesional se remonta a la d\u00e9cada de los 80. Con una carrera que abarca desde los clubes nocturnos de Nueva Orle\u00e1ns hasta roles clave como t\u00e9cnico de audio e iluminaci\u00f3n para MWR en la antigua Estaci\u00f3n Naval Roosevelt Roads, Herman aporta una visi\u00f3n 360\u00b0 al escenario.<\/h6>\n<h6 data-path-to-node=\"5,3\">Como t\u00e9cnico en electr\u00f3nica licenciado y profesional de IT, Herman garantiza que cada montaje no solo suene perfecto, sino que sea t\u00e9cnicamente impecable. En HG Sound, transformamos nuestra pasi\u00f3n y d\u00e9cadas de experiencia en soluciones innovadoras. No solo instalamos sonido; elevamos su evento porque amamos lo que hacemos.<\/h6>\n<\/div>\n<\/div><\/div><\/div><div id=\"pgc-1850-0-1\"  class=\"panel-grid-cell\" ><div id=\"panel-1850-0-1-0\" class=\"so-panel widget widget_sow-image panel-first-child\" data-index=\"1\" ><div\n\t\t\t\n\t\t\tclass=\"so-widget-sow-image so-widget-sow-image-default-8b5b6f678277-1850\"\n\t\t\t\n\t\t>\n<div class=\"sow-image-container\">\n\t\t<img \n\tsrc=\"https:\/\/i0.wp.com\/hgsound.mundonuevo.net\/sp\/wp-content\/uploads\/2026\/03\/hg-sound-paseo-e1773320658869.jpg?fit=720%2C405&amp;ssl=1\" width=\"720\" height=\"405\" title=\"Paseo de la Salsa Jos\u00e9 &quot;Cheo&quot; Feliciano, Ponce.\" alt=\"\" \t\tclass=\"so-widget-image\"\/>\n\t<\/div>\n\n<\/div><\/div><div id=\"panel-1850-0-1-1\" class=\"so-panel widget widget_sow-image panel-last-child\" data-index=\"2\" ><div\n\t\t\t\n\t\t\tclass=\"so-widget-sow-image so-widget-sow-image-default-8b5b6f678277-1850\"\n\t\t\t\n\t\t>\n<div class=\"sow-image-container\">\n\t\t<img \n\tsrc=\"https:\/\/i0.wp.com\/hgsound.mundonuevo.net\/sp\/wp-content\/uploads\/2026\/03\/hg-sound-cancha-e1773320701256.jpg?fit=720%2C402&amp;ssl=1\" width=\"720\" height=\"402\" title=\"Coliseo Municipal Jos\u00e9 Ibem Marrero de Villalba\" alt=\"\" \t\tclass=\"so-widget-image\"\/>\n\t<\/div>\n\n<\/div><\/div><\/div><\/div><\/div>","protected":false},"excerpt":{"rendered":"<p>HG Sound: Excelencia en Audio con Legado T\u00e9cnico Fundada en Ponce en 2021, HG Sound es una compa\u00f1\u00eda boutique de sonido en vivo que combina d\u00e9cadas de maestr\u00eda t\u00e9cnica con tecnolog\u00eda de vanguardia. Nos especializamos en dise\u00f1ar experiencias ac\u00fasticas a<\/p>\n","protected":false},"author":1,"featured_media":0,"parent":0,"menu_order":0,"comment_status":"closed","ping_status":"closed","template":"","meta":{"footnotes":""},"class_list":["post-1850","page","type-page","status-publish","hentry","","tg-column-two"],"jetpack_sharing_enabled":true,"_links":{"self":[{"href":"https:\/\/hgsound.mundonuevo.net\/sp\/wp-json\/wp\/v2\/pages\/1850","targetHints":{"allow":["GET"]}}],"collection":[{"href":"https:\/\/hgsound.mundonuevo.net\/sp\/wp-json\/wp\/v2\/pages"}],"about":[{"href":"https:\/\/hgsound.mundonuevo.net\/sp\/wp-json\/wp\/v2\/types\/page"}],"author":[{"embeddable":true,"href":"https:\/\/hgsound.mundonuevo.net\/sp\/wp-json\/wp\/v2\/users\/1"}],"replies":[{"embeddable":true,"href":"https:\/\/hgsound.mundonuevo.net\/sp\/wp-json\/wp\/v2\/comments?post=1850"}],"version-history":[{"count":36,"href":"https:\/\/hgsound.mundonuevo.net\/sp\/wp-json\/wp\/v2\/pages\/1850\/revisions"}],"predecessor-version":[{"id":2242,"href":"https:\/\/hgsound.mundonuevo.net\/sp\/wp-json\/wp\/v2\/pages\/1850\/revisions\/2242"}],"wp:attachment":[{"href":"https:\/\/hgsound.mundonuevo.net\/sp\/wp-json\/wp\/v2\/media?parent=1850"}],"curies":[{"name":"wp","href":"https:\/\/api.w.org\/{rel}","templated":true}]}}