{"id":1924,"date":"2025-03-12T20:46:46","date_gmt":"2025-03-13T00:46:46","guid":{"rendered":"https:\/\/hgsound.mundonuevo.net\/sp\/?page_id=1924"},"modified":"2025-03-13T09:45:26","modified_gmt":"2025-03-13T13:45:26","slug":"politica-de-privacidad","status":"publish","type":"page","link":"https:\/\/hgsound.mundonuevo.net\/sp\/politica-de-privacidad\/","title":{"rendered":"Pol\u00edtica de privacidad"},"content":{"rendered":"<p><strong>Sobre nosotros:<\/strong><br \/>\nMusic Non-Stop \/DBA\/ HG Sound<br \/>\nP.O. Box 801364<br \/>\nCoto Laurel, PR 00780-1364<\/p>\n<p>Nuestro sitio web es: <a href=\"https:\/\/hgsound.mundonuevo.net\/sp\/\">https:\/\/hgsound.mundonuevo.net\/sp\/<\/a><br \/>\nNuestro correo electr\u00f3nico es: <a href=\"mailto:hgsound@mundonuevo.net\">hgsound@mundonuevo.net<\/a><\/p>\n<p><strong>Qu\u00e9 informaci\u00f3n personal recopilamos y por qu\u00e9<\/strong><\/p>\n<p><strong>Comentarios:<\/strong><br \/>\nCuando los visitantes dejan comentarios en el sitio, recopilamos los datos que se muestran en el formulario de comentarios, as\u00ed como la direcci\u00f3n IP del visitante y la cadena de agente del navegador del usuario para ayudar a detectar spam.<\/p>\n<p>Puede proporcionar una cadena an\u00f3nima creada a partir de su direcci\u00f3n de correo electr\u00f3nico (tambi\u00e9n llamada hash) al servicio Gravatar para verificar si la est\u00e1 utilizando. La pol\u00edtica de privacidad del servicio Gravatar est\u00e1 disponible aqu\u00ed: <a href=\"https:\/\/automattic.com\/privacy\/\" target=\"_blank\" rel=\"noopener\">https:\/\/automattic.com\/privacy\/<\/a>. Tras la aprobaci\u00f3n de su comentario, su imagen de perfil ser\u00e1 visible p\u00fablicamente en el contexto de su comentario.<\/p>\n<p><strong>Medios:<\/strong><br \/>\nSi sube im\u00e1genes al sitio web, evite subir im\u00e1genes con datos de ubicaci\u00f3n incrustados (GPS EXIF). Los visitantes del sitio web pueden descargar y extraer datos de ubicaci\u00f3n de las im\u00e1genes.<\/p>\n<p><strong>Formularios de contacto:<\/strong><br \/>\nLa informaci\u00f3n proporcionada se utiliza \u00fanica y exclusivamente para contactarle y responder a cualquier pregunta o ayudarle a resolver cualquier problema con un servicio o producto de nuestro sitio web. La informaci\u00f3n proporcionada no se guardar\u00e1 ni se utilizar\u00e1 para ning\u00fan otro fin.<\/p>\n<p><strong>Cookies:<\/strong><br \/>\nSi deja un comentario en nuestro sitio, puede optar por guardar su nombre, direcci\u00f3n de correo electr\u00f3nico y sitio web en cookies. Esto es para su comodidad, para que no tenga que volver a completar sus datos cuando deje otro comentario. Estas cookies tienen una duraci\u00f3n de un a\u00f1o.<\/p>\n<p>Si tiene una cuenta e inicia sesi\u00f3n en este sitio, instalaremos una cookie temporal para determinar si su navegador acepta cookies. Esta cookie no contiene datos personales y se elimina al cerrar el navegador.<\/p>\n<p>Al iniciar sesi\u00f3n, tambi\u00e9n instalaremos varias cookies para guardar su informaci\u00f3n de inicio de sesi\u00f3n y las opciones de visualizaci\u00f3n en pantalla. Las cookies tienen una duraci\u00f3n de dos d\u00edas y las cookies de opciones de pantalla duran un a\u00f1o. Si selecciona \u00abRecordarme\u00bb, su inicio de sesi\u00f3n se mantendr\u00e1 durante dos semanas. Si cierra sesi\u00f3n, las cookies de inicio de sesi\u00f3n se eliminar\u00e1n.<\/p>\n<p>Si edita o publica un art\u00edculo, se guardar\u00e1 una cookie adicional en su navegador. Esta cookie no incluye datos personales y simplemente indica el ID de publicaci\u00f3n del art\u00edculo que acaba de editar. Caduca al cabo de un d\u00eda.<\/p>\n<p><strong>Contenido incrustado de otros sitios web:<\/strong><br \/>\nLos art\u00edculos de este sitio pueden incluir contenido incrustado (por ejemplo, v\u00eddeos, im\u00e1genes, art\u00edculos, etc.). El contenido incrustado de otros sitios web se comporta de la misma manera que si el visitante hubiera visitado el otro sitio web.<\/p>\n<p>Estos sitios web pueden recopilar informaci\u00f3n sobre usted, utilizar cookies, incorporar seguimiento adicional de terceros y supervisar su interacci\u00f3n con dicho contenido integrado, incluyendo el seguimiento de su interacci\u00f3n con el contenido incrustado si tiene una cuenta y est\u00e1 registrado en ese sitio web.<\/p>\n<p><strong>Con qui\u00e9n compartimos sus datos:<\/strong><br \/>\nLa informaci\u00f3n que tengamos, si la hubiere, no se compartir\u00e1 con terceros. Solo la informaci\u00f3n proporcionada voluntariamente como: Comentarios sobre cualquier art\u00edculo.<\/p>\n<p><strong>Durante cu\u00e1nto tiempo conservamos sus datos:<\/strong><br \/>\nSi deja un comentario, este y sus metadatos se conservan indefinidamente. Esto nos permite reconocer y aprobar autom\u00e1ticamente los comentarios de seguimiento en lugar de mantenerlos en cola de moderaci\u00f3n.<\/p>\n<p>De los usuarios que se registran en nuestro sitio web (si corresponde), tambi\u00e9n almacenamos la informaci\u00f3n personal que proporcionan en su perfil de usuario. Todos los usuarios pueden ver, editar o eliminar su informaci\u00f3n personal en cualquier momento (excepto que no pueden cambiar su nombre de usuario). Los administradores del sitio web tambi\u00e9n pueden ver y editar dicha informaci\u00f3n.<\/p>\n<p><strong>Qu\u00e9 derechos tiene sobre sus datos:<\/strong><br \/>\nSi tiene una cuenta en este sitio o ha dejado comentarios, puede solicitar recibir un archivo exportado de los datos personales que tenemos sobre usted, incluidos los datos que nos ha proporcionado. Tambi\u00e9n puede solicitar que eliminemos cualquier informaci\u00f3n personal que tengamos sobre usted. Esto no incluye los datos que estamos obligados a conservar con fines administrativos, legales o de seguridad.<\/p>\n<p><strong>D\u00f3nde enviamos tus datos:<\/strong><br \/>\nLos comentarios de los visitantes se pueden verificar mediante un servicio autom\u00e1tico de detecci\u00f3n de spam.<\/p>\n","protected":false},"excerpt":{"rendered":"<p>Sobre nosotros: Music Non-Stop \/DBA\/ HG Sound P.O. Box 801364 Coto Laurel, PR 00780-1364 Nuestro sitio web es: https:\/\/hgsound.mundonuevo.net\/sp\/ Nuestro correo electr\u00f3nico es: hgsound@mundonuevo.net Qu\u00e9 informaci\u00f3n personal recopilamos y por qu\u00e9 Comentarios: Cuando los visitantes dejan comentarios en el sitio,<\/p>\n","protected":false},"author":1,"featured_media":0,"parent":0,"menu_order":0,"comment_status":"closed","ping_status":"closed","template":"","meta":{"footnotes":""},"class_list":["post-1924","page","type-page","status-publish","hentry","","tg-column-two"],"jetpack_sharing_enabled":false,"_links":{"self":[{"href":"https:\/\/hgsound.mundonuevo.net\/sp\/wp-json\/wp\/v2\/pages\/1924","targetHints":{"allow":["GET"]}}],"collection":[{"href":"https:\/\/hgsound.mundonuevo.net\/sp\/wp-json\/wp\/v2\/pages"}],"about":[{"href":"https:\/\/hgsound.mundonuevo.net\/sp\/wp-json\/wp\/v2\/types\/page"}],"author":[{"embeddable":true,"href":"https:\/\/hgsound.mundonuevo.net\/sp\/wp-json\/wp\/v2\/users\/1"}],"replies":[{"embeddable":true,"href":"https:\/\/hgsound.mundonuevo.net\/sp\/wp-json\/wp\/v2\/comments?post=1924"}],"version-history":[{"count":4,"href":"https:\/\/hgsound.mundonuevo.net\/sp\/wp-json\/wp\/v2\/pages\/1924\/revisions"}],"predecessor-version":[{"id":1932,"href":"https:\/\/hgsound.mundonuevo.net\/sp\/wp-json\/wp\/v2\/pages\/1924\/revisions\/1932"}],"wp:attachment":[{"href":"https:\/\/hgsound.mundonuevo.net\/sp\/wp-json\/wp\/v2\/media?parent=1924"}],"curies":[{"name":"wp","href":"https:\/\/api.w.org\/{rel}","templated":true}]}}