{"id":688,"date":"2021-09-19T14:59:29","date_gmt":"2021-09-19T14:59:29","guid":{"rendered":"https:\/\/hgsound.mundonuevo.net\/sp\/?page_id=688"},"modified":"2026-04-28T08:41:08","modified_gmt":"2026-04-28T12:41:08","slug":"lo-que-hacemos","status":"publish","type":"page","link":"https:\/\/hgsound.mundonuevo.net\/sp\/lo-que-hacemos\/","title":{"rendered":"Lo que hacemos"},"content":{"rendered":"<div id=\"pl-688\"  class=\"panel-layout\" ><div id=\"pg-688-0\"  class=\"panel-grid panel-no-style\" ><div id=\"pgc-688-0-0\"  class=\"panel-grid-cell\" ><div id=\"panel-688-0-0-0\" class=\"so-panel widget widget_sow-editor panel-first-child\" data-index=\"0\" ><div\n\t\t\t\n\t\t\tclass=\"so-widget-sow-editor so-widget-sow-editor-base\"\n\t\t\t\n\t\t>\n<div class=\"siteorigin-widget-tinymce textwidget\">\n\t<h6>Dise\u00f1amos soluciones de audio personalizadas de alta fidelidad para diversos entornos, desde la ac\u00fastica \u00edntima de hoteles y bares hasta el dinamismo de discotecas y eventos en espacios abiertos. Nuestro compromiso es crear una experiencia sonora \u00fanica y envolvente, garantizando el m\u00e1ximo disfrute tanto para el artista como para el p\u00fablico.<\/h6>\n<h6>Nos especializamos en ofrecer servicios de sonido en vivo de primer nivel <strong>para<\/strong> <strong>eventos de peque\u00f1a y mediana escala en toda la isla.<\/strong><\/h6>\n<\/div>\n<\/div><\/div><div id=\"panel-688-0-0-1\" class=\"so-panel widget widget_sow-image panel-last-child\" data-index=\"1\" ><div\n\t\t\t\n\t\t\tclass=\"so-widget-sow-image so-widget-sow-image-default-8b5b6f678277-688\"\n\t\t\t\n\t\t>\n<div class=\"sow-image-container\">\n\t\t<img \n\tsrc=\"https:\/\/i0.wp.com\/hgsound.mundonuevo.net\/sp\/wp-content\/uploads\/2025\/11\/centro-cultural-e1763417946300.jpg?fit=720%2C405&amp;ssl=1\" width=\"720\" height=\"405\" title=\"Centro Cultural Cayacoll\" alt=\"\" \t\tclass=\"so-widget-image\"\/>\n\t<\/div>\n\n<\/div><\/div><\/div><div id=\"pgc-688-0-1\"  class=\"panel-grid-cell\" ><div id=\"panel-688-0-1-0\" class=\"so-panel widget widget_sow-editor panel-first-child\" data-index=\"2\" ><div\n\t\t\t\n\t\t\tclass=\"so-widget-sow-editor so-widget-sow-editor-base\"\n\t\t\t\n\t\t>\n<div class=\"siteorigin-widget-tinymce textwidget\">\n\t<h5 data-path-to-node=\"5,0\">\"Comprometidos con la Escena\"<\/h5>\n<p data-path-to-node=\"5,1\">Tras d\u00e9cadas compartiendo tarima con diversos artistas, entendemos profundamente lo que realmente importa sobre el escenario. Nuestra experiencia nos permite implementar tecnolog\u00edas y t\u00e9cnicas de vanguardia que garantizan una presentaci\u00f3n impecable. En <b data-path-to-node=\"5,1\" data-index-in-node=\"253\">HG Sound<\/b>, la precisi\u00f3n t\u00e9cnica y la pasi\u00f3n por los detalles son lo que nos distinguen: lo hacemos bien porque conocemos el escenario desde adentro.<\/p>\n<\/div>\n<\/div><\/div><div id=\"panel-688-0-1-1\" class=\"so-panel widget widget_sow-editor panel-last-child\" data-index=\"3\" ><div\n\t\t\t\n\t\t\tclass=\"so-widget-sow-editor so-widget-sow-editor-base\"\n\t\t\t\n\t\t>\n<div class=\"siteorigin-widget-tinymce textwidget\">\n\t<h5 data-path-to-node=\"5,0\">\"Fiabilidad sin concesiones\"<\/h5>\n<p data-path-to-node=\"5,1\">En el sonido en vivo, no existen las segundas oportunidades. Nos impulsa una pasi\u00f3n inquebrantable por el rendimiento sonoro y el compromiso de entregar claridad, precisi\u00f3n e impacto en cada proyecto. En <b data-path-to-node=\"5,1\" data-index-in-node=\"204\">HG Sound<\/b>, garantizamos que cada nota y cada palabra se escuchen exactamente como fueron dise\u00f1adas.<\/p>\n<\/div>\n<\/div><\/div><\/div><\/div><\/div>","protected":false},"excerpt":{"rendered":"<p>Dise\u00f1amos soluciones de audio personalizadas de alta fidelidad para diversos entornos, desde la ac\u00fastica \u00edntima de hoteles y bares hasta el dinamismo de discotecas y eventos en espacios abiertos. Nuestro compromiso es crear una experiencia sonora \u00fanica y envolvente, garantizando<\/p>\n","protected":false},"author":1,"featured_media":0,"parent":0,"menu_order":0,"comment_status":"closed","ping_status":"closed","template":"","meta":{"footnotes":""},"class_list":["post-688","page","type-page","status-publish","hentry","","tg-column-two"],"jetpack_sharing_enabled":true,"_links":{"self":[{"href":"https:\/\/hgsound.mundonuevo.net\/sp\/wp-json\/wp\/v2\/pages\/688","targetHints":{"allow":["GET"]}}],"collection":[{"href":"https:\/\/hgsound.mundonuevo.net\/sp\/wp-json\/wp\/v2\/pages"}],"about":[{"href":"https:\/\/hgsound.mundonuevo.net\/sp\/wp-json\/wp\/v2\/types\/page"}],"author":[{"embeddable":true,"href":"https:\/\/hgsound.mundonuevo.net\/sp\/wp-json\/wp\/v2\/users\/1"}],"replies":[{"embeddable":true,"href":"https:\/\/hgsound.mundonuevo.net\/sp\/wp-json\/wp\/v2\/comments?post=688"}],"version-history":[{"count":138,"href":"https:\/\/hgsound.mundonuevo.net\/sp\/wp-json\/wp\/v2\/pages\/688\/revisions"}],"predecessor-version":[{"id":2239,"href":"https:\/\/hgsound.mundonuevo.net\/sp\/wp-json\/wp\/v2\/pages\/688\/revisions\/2239"}],"wp:attachment":[{"href":"https:\/\/hgsound.mundonuevo.net\/sp\/wp-json\/wp\/v2\/media?parent=688"}],"curies":[{"name":"wp","href":"https:\/\/api.w.org\/{rel}","templated":true}]}}