{"id":767,"date":"2021-09-19T13:55:20","date_gmt":"2021-09-19T17:55:20","guid":{"rendered":"https:\/\/hgsound.mundonuevo.net\/sp\/?page_id=767"},"modified":"2026-04-04T09:40:14","modified_gmt":"2026-04-04T13:40:14","slug":"sonido","status":"publish","type":"page","link":"https:\/\/hgsound.mundonuevo.net\/sp\/lo-que-hacemos\/sonido\/","title":{"rendered":"Sonido en vivo"},"content":{"rendered":"<div id=\"pl-767\"  class=\"panel-layout\" ><div id=\"pg-767-0\"  class=\"panel-grid panel-no-style\" ><div id=\"pgc-767-0-0\"  class=\"panel-grid-cell\" ><div id=\"panel-767-0-0-0\" class=\"so-panel widget widget_sow-editor panel-first-child panel-last-child\" data-index=\"0\" ><div\n\t\t\t\n\t\t\tclass=\"so-widget-sow-editor so-widget-sow-editor-base\"\n\t\t\t\n\t\t>\n<div class=\"siteorigin-widget-tinymce textwidget\">\n\t<h6 data-path-to-node=\"5,0\"><strong>M\u00fasicos: Enf\u00f3quense en su Arte, Nosotros en el Sonido<\/strong><\/h6>\n<h6 data-path-to-node=\"5,1\">No carguen con el peso del equipo en su pr\u00f3ximo evento; dejen que <strong>HG Sound<\/strong> se encargue del trabajo pesado.<\/h6>\n<h6 data-path-to-node=\"5,1\">Dediquen toda su energ\u00eda a la presentaci\u00f3n mientras nosotros gestionamos la log\u00edstica, el montaje y la ingenier\u00eda. Nos aseguramos de que su imagen sea profesional y su sonido sea impecable en cada nota.<\/h6>\n<h6 data-path-to-node=\"5,1\"><strong>Ustedes brillan en el escenario; nosotros nos encargamos de que el mundo los escuche.<\/strong><\/h6>\n<\/div>\n<\/div><\/div><\/div><div id=\"pgc-767-0-1\"  class=\"panel-grid-cell\" ><div id=\"panel-767-0-1-0\" class=\"so-panel widget widget_sow-editor panel-first-child\" data-index=\"1\" ><div\n\t\t\t\n\t\t\tclass=\"so-widget-sow-editor so-widget-sow-editor-base\"\n\t\t\t\n\t\t>\n<div class=\"siteorigin-widget-tinymce textwidget\">\n\t<h5 data-path-to-node=\"5,0\">\"A la Altura de la Ocasi\u00f3n\"<\/h5>\n<p data-path-to-node=\"5,1\">Entendemos los desaf\u00edos cr\u00edticos que conlleva el sonido en vivo. Nuestra trayectoria nos permite implementar sistemas de audio con absoluta precisi\u00f3n, dise\u00f1ando soluciones personalizadas que se adaptan a la ac\u00fastica y exigencias de cada evento. En <b data-path-to-node=\"5,1\" data-index-in-node=\"248\">HG Sound<\/b>, la perfecci\u00f3n t\u00e9cnica es nuestra respuesta a cada desaf\u00edo.<\/p>\n<\/div>\n<\/div><\/div><div id=\"panel-767-0-1-1\" class=\"so-panel widget widget_sow-editor panel-last-child\" data-index=\"2\" ><div\n\t\t\t\n\t\t\tclass=\"so-widget-sow-editor so-widget-sow-editor-base\"\n\t\t\t\n\t\t>\n<div class=\"siteorigin-widget-tinymce textwidget\">\n\t<h5 data-path-to-node=\"5,0\">\"Audio Sin Concesiones\"<\/h5>\n<p data-path-to-node=\"5,1\">Nos especializamos en ofrecer servicios de sonido en vivo de primer nivel, donde la calidad nunca se negocia. Ya sea para bandas completas, agrupaciones musicales o solistas, en <b data-path-to-node=\"5,1\" data-index-in-node=\"179\">HG Sound<\/b> dise\u00f1amos la configuraci\u00f3n de audio perfecta para que cada artista alcance su m\u00e1ximo potencial en escena.<\/p>\n<\/div>\n<\/div><\/div><\/div><\/div><div id=\"pg-767-1\"  class=\"panel-grid panel-no-style\" ><div id=\"pgc-767-1-0\"  class=\"panel-grid-cell\" ><div id=\"panel-767-1-0-0\" class=\"so-panel widget widget_sow-editor panel-first-child panel-last-child\" data-index=\"3\" ><div\n\t\t\t\n\t\t\tclass=\"so-widget-sow-editor so-widget-sow-editor-base\"\n\t\t\t\n\t\t>\n<div class=\"siteorigin-widget-tinymce textwidget\">\n\t<p><img data-recalc-dims=\"1\" loading=\"lazy\" decoding=\"async\" class=\"aligncenter wp-image-2178 size-full\" src=\"https:\/\/i0.wp.com\/hgsound.mundonuevo.net\/sp\/wp-content\/uploads\/2026\/03\/hg-sound-bodeja-mendez.jpg?resize=720%2C405&#038;ssl=1\" alt=\"\" width=\"720\" height=\"405\" srcset=\"https:\/\/i0.wp.com\/hgsound.mundonuevo.net\/sp\/wp-content\/uploads\/2026\/03\/hg-sound-bodeja-mendez.jpg?w=2048&amp;ssl=1 2048w, https:\/\/i0.wp.com\/hgsound.mundonuevo.net\/sp\/wp-content\/uploads\/2026\/03\/hg-sound-bodeja-mendez.jpg?resize=300%2C169&amp;ssl=1 300w, https:\/\/i0.wp.com\/hgsound.mundonuevo.net\/sp\/wp-content\/uploads\/2026\/03\/hg-sound-bodeja-mendez.jpg?resize=1024%2C576&amp;ssl=1 1024w, https:\/\/i0.wp.com\/hgsound.mundonuevo.net\/sp\/wp-content\/uploads\/2026\/03\/hg-sound-bodeja-mendez.jpg?resize=768%2C432&amp;ssl=1 768w, https:\/\/i0.wp.com\/hgsound.mundonuevo.net\/sp\/wp-content\/uploads\/2026\/03\/hg-sound-bodeja-mendez.jpg?resize=1536%2C864&amp;ssl=1 1536w, https:\/\/i0.wp.com\/hgsound.mundonuevo.net\/sp\/wp-content\/uploads\/2026\/03\/hg-sound-bodeja-mendez.jpg?w=1440&amp;ssl=1 1440w\" sizes=\"auto, (max-width: 720px) 100vw, 720px\" \/><\/p>\n<\/div>\n<\/div><\/div><\/div><\/div><\/div>","protected":false},"excerpt":{"rendered":"<p>M\u00fasicos: Enf\u00f3quense en su Arte, Nosotros en el Sonido No carguen con el peso del equipo en su pr\u00f3ximo evento; dejen que HG Sound se encargue del trabajo pesado. Dediquen toda su energ\u00eda a la presentaci\u00f3n mientras nosotros gestionamos la<\/p>\n","protected":false},"author":1,"featured_media":0,"parent":688,"menu_order":0,"comment_status":"closed","ping_status":"closed","template":"","meta":{"footnotes":""},"class_list":["post-767","page","type-page","status-publish","hentry","","tg-column-two"],"jetpack_sharing_enabled":true,"_links":{"self":[{"href":"https:\/\/hgsound.mundonuevo.net\/sp\/wp-json\/wp\/v2\/pages\/767","targetHints":{"allow":["GET"]}}],"collection":[{"href":"https:\/\/hgsound.mundonuevo.net\/sp\/wp-json\/wp\/v2\/pages"}],"about":[{"href":"https:\/\/hgsound.mundonuevo.net\/sp\/wp-json\/wp\/v2\/types\/page"}],"author":[{"embeddable":true,"href":"https:\/\/hgsound.mundonuevo.net\/sp\/wp-json\/wp\/v2\/users\/1"}],"replies":[{"embeddable":true,"href":"https:\/\/hgsound.mundonuevo.net\/sp\/wp-json\/wp\/v2\/comments?post=767"}],"version-history":[{"count":48,"href":"https:\/\/hgsound.mundonuevo.net\/sp\/wp-json\/wp\/v2\/pages\/767\/revisions"}],"predecessor-version":[{"id":2232,"href":"https:\/\/hgsound.mundonuevo.net\/sp\/wp-json\/wp\/v2\/pages\/767\/revisions\/2232"}],"up":[{"embeddable":true,"href":"https:\/\/hgsound.mundonuevo.net\/sp\/wp-json\/wp\/v2\/pages\/688"}],"wp:attachment":[{"href":"https:\/\/hgsound.mundonuevo.net\/sp\/wp-json\/wp\/v2\/media?parent=767"}],"curies":[{"name":"wp","href":"https:\/\/api.w.org\/{rel}","templated":true}]}}