{"id":771,"date":"2021-09-19T13:59:21","date_gmt":"2021-09-19T17:59:21","guid":{"rendered":"https:\/\/hgsound.mundonuevo.net\/sp\/?page_id=771"},"modified":"2026-04-04T09:39:39","modified_gmt":"2026-04-04T13:39:39","slug":"dj","status":"publish","type":"page","link":"https:\/\/hgsound.mundonuevo.net\/sp\/lo-que-hacemos\/dj\/","title":{"rendered":"Soluciones DJ"},"content":{"rendered":"<div id=\"pl-771\"  class=\"panel-layout\" ><div id=\"pg-771-0\"  class=\"panel-grid panel-no-style\" ><div id=\"pgc-771-0-0\"  class=\"panel-grid-cell\" ><div id=\"panel-771-0-0-0\" class=\"so-panel widget widget_sow-editor panel-first-child panel-last-child\" data-index=\"0\" ><div\n\t\t\t\n\t\t\tclass=\"so-widget-sow-editor so-widget-sow-editor-base\"\n\t\t\t\n\t\t>\n<div class=\"siteorigin-widget-tinymce textwidget\">\n\t<h6 data-path-to-node=\"5,0\"><b data-path-to-node=\"5,0\" data-index-in-node=\"0\">DJ, enf\u00f3cate en la mezcla, nosotros nos encargamos del resto<\/b><\/h6>\n<h6 data-path-to-node=\"5,1\">\u00a1Potencia tu set con el respaldo t\u00e9cnico de <b data-path-to-node=\"5,1\" data-index-in-node=\"44\">HG Sound<\/b>! Deja el trabajo pesado en nuestras manos y eleva tu presentaci\u00f3n con audio de alta fidelidad.<\/h6>\n<h6 data-path-to-node=\"5,1\">T\u00fa solo trae tu controlador; nosotros nos encargamos del montaje completo: desde el sistema FOH y monitoreo, hasta la mesa de DJ e iluminaci\u00f3n.<\/h6>\n<h6 data-path-to-node=\"5,1\"><b data-path-to-node=\"5,1\" data-index-in-node=\"302\">Llega, con\u00e9ctate y haz vibrar a la audiencia.<\/b><\/h6>\n<\/div>\n<\/div><\/div><\/div><div id=\"pgc-771-0-1\"  class=\"panel-grid-cell\" ><div id=\"panel-771-0-1-0\" class=\"so-panel widget widget_sow-editor panel-first-child\" data-index=\"1\" ><div\n\t\t\t\n\t\t\tclass=\"so-widget-sow-editor so-widget-sow-editor-base\"\n\t\t\t\n\t\t>\n<div class=\"siteorigin-widget-tinymce textwidget\">\n\t<h5>\"Curadur\u00eda Musical y Ambiente Perfecto\"<\/h5>\n<p>En <b data-path-to-node=\"5,0\" data-index-in-node=\"45\">HG Sound<\/b>, dise\u00f1amos la atm\u00f3sfera ideal para cada momento de su evento. Contamos con una selecta colecci\u00f3n musical y la experiencia necesaria para cautivar a sus invitados desde el primer minuto, preparando el escenario perfecto antes del espect\u00e1culo principal.<\/p>\n<\/div>\n<\/div><\/div><div id=\"panel-771-0-1-1\" class=\"so-panel widget widget_sow-editor panel-last-child\" data-index=\"2\" ><div\n\t\t\t\n\t\t\tclass=\"so-widget-sow-editor so-widget-sow-editor-base\"\n\t\t\t\n\t\t>\n<div class=\"siteorigin-widget-tinymce textwidget\">\n\t<h5 data-path-to-node=\"8,0\">\"Experiencia EDM con DJ Cyber\"<\/h5>\n<p data-path-to-node=\"8,1\">Desde las ra\u00edces de <i data-path-to-node=\"8,1\" data-index-in-node=\"20\">Fat City<\/i>, <b data-path-to-node=\"8,1\" data-index-in-node=\"30\">DJ Cyber<\/b> evoluciona el sonido electr\u00f3nico para transportarte a una atm\u00f3sfera \u00fanica. Disfruta de un espect\u00e1culo de DJ en vivo donde la precisi\u00f3n t\u00e9cnica y los ritmos del EDM se encuentran para elevar tus sentidos a otro nivel.<\/p>\n<\/div>\n<\/div><\/div><\/div><\/div><div id=\"pg-771-1\"  class=\"panel-grid panel-no-style\" ><div id=\"pgc-771-1-0\"  class=\"panel-grid-cell\" ><div id=\"panel-771-1-0-0\" class=\"so-panel widget widget_sow-editor panel-first-child panel-last-child\" data-index=\"3\" ><div\n\t\t\t\n\t\t\tclass=\"so-widget-sow-editor so-widget-sow-editor-base\"\n\t\t\t\n\t\t>\n<div class=\"siteorigin-widget-tinymce textwidget\">\n\t<p><a href=\"https:\/\/djcyber.mundonuevo.net\/contact\/\"><img data-recalc-dims=\"1\" loading=\"lazy\" decoding=\"async\" class=\"aligncenter wp-image-2225 size-full\" src=\"https:\/\/i0.wp.com\/hgsound.mundonuevo.net\/sp\/wp-content\/uploads\/2026\/04\/front-page-dj-cyber2.jpg?resize=720%2C405&#038;ssl=1\" alt=\"\" width=\"720\" height=\"405\" srcset=\"https:\/\/i0.wp.com\/hgsound.mundonuevo.net\/sp\/wp-content\/uploads\/2026\/04\/front-page-dj-cyber2.jpg?w=1200&amp;ssl=1 1200w, https:\/\/i0.wp.com\/hgsound.mundonuevo.net\/sp\/wp-content\/uploads\/2026\/04\/front-page-dj-cyber2.jpg?resize=300%2C169&amp;ssl=1 300w, https:\/\/i0.wp.com\/hgsound.mundonuevo.net\/sp\/wp-content\/uploads\/2026\/04\/front-page-dj-cyber2.jpg?resize=1024%2C576&amp;ssl=1 1024w, https:\/\/i0.wp.com\/hgsound.mundonuevo.net\/sp\/wp-content\/uploads\/2026\/04\/front-page-dj-cyber2.jpg?resize=768%2C432&amp;ssl=1 768w\" sizes=\"auto, (max-width: 720px) 100vw, 720px\" \/><\/a><\/p>\n<\/div>\n<\/div><\/div><\/div><\/div><div id=\"pg-771-2\"  class=\"panel-grid panel-no-style\" ><div id=\"pgc-771-2-0\"  class=\"panel-grid-cell\" ><div id=\"panel-771-2-0-0\" class=\"so-panel widget widget_sow-editor panel-first-child\" data-index=\"4\" ><div\n\t\t\t\n\t\t\tclass=\"so-widget-sow-editor so-widget-sow-editor-base\"\n\t\t\t\n\t\t>\n<div class=\"siteorigin-widget-tinymce textwidget\">\n\t<h2 class=\"blockart-heading blockart-heading-7ecd99e3\" style=\"text-align: center;\">M\u00fasica Electr\u00f3nica Bailable (EDM)<\/h2>\n<\/div>\n<\/div><\/div><div id=\"panel-771-2-0-1\" class=\"so-panel widget widget_sow-editor panel-last-child\" data-index=\"5\" ><div\n\t\t\t\n\t\t\tclass=\"so-widget-sow-editor so-widget-sow-editor-base\"\n\t\t\t\n\t\t>\n<div class=\"siteorigin-widget-tinymce textwidget\">\n\t<h2 class=\"blockart-heading blockart-heading-7ecd99e3\" style=\"text-align: center;\">Lo mejor de los 70's, 80's 90's &amp; 2000's<\/h2>\n<\/div>\n<\/div><\/div><\/div><\/div><div id=\"pg-771-3\"  class=\"panel-grid panel-no-style\" ><div id=\"pgc-771-3-0\"  class=\"panel-grid-cell panel-grid-cell-empty\" ><\/div><div id=\"pgc-771-3-1\"  class=\"panel-grid-cell panel-grid-cell-mobile-last\" ><div id=\"panel-771-3-1-0\" class=\"so-panel widget widget_sow-editor panel-first-child panel-last-child\" data-index=\"6\" ><div\n\t\t\t\n\t\t\tclass=\"so-widget-sow-editor so-widget-sow-editor-base\"\n\t\t\t\n\t\t>\n<div class=\"siteorigin-widget-tinymce textwidget\">\n\t<p style=\"text-align: center;\">Afro House \u2022 Afro Latin \u2022 Deep \u2022 Indie \u2022 Latin Tech \u2022 Melodic \u2022 Melodic Techno \u2022 Nu-Disco \u2022 Organic \u2022 Progressive \u2022 Soulful \u2022 Tech \u2022 Techno \u2022 Tropical &amp; Mucho m\u00e1s\u2026<\/p>\n<\/div>\n<\/div><\/div><\/div><div id=\"pgc-771-3-2\"  class=\"panel-grid-cell panel-grid-cell-empty\" ><\/div><\/div><div id=\"pg-771-4\"  class=\"panel-grid panel-no-style\" ><div id=\"pgc-771-4-0\"  class=\"panel-grid-cell\" ><div id=\"panel-771-4-0-0\" class=\"so-panel widget widget_sow-button panel-first-child panel-last-child\" data-index=\"7\" ><div\n\t\t\t\n\t\t\tclass=\"so-widget-sow-button so-widget-sow-button-flat-66466acb9e12-771\"\n\t\t\t\n\t\t><div class=\"ow-button-base ow-button-align-center\"\n>\n\t\t\t<a\n\t\t\t\t\thref=\"https:\/\/djcyber.mundonuevo.net\/\"\n\t\t\t\t\tclass=\"sowb-button ow-icon-placement-left ow-button-hover\" target=\"_blank\" rel=\"noopener noreferrer\" \t>\n\t\t<span>\n\t\t\t\n\t\t\tVisita el sitio web\t\t<\/span>\n\t\t\t<\/a>\n\t<\/div>\n<\/div><\/div><\/div><\/div><div id=\"pg-771-5\"  class=\"panel-grid panel-no-style\" ><div id=\"pgc-771-5-0\"  class=\"panel-grid-cell\" ><div id=\"panel-771-5-0-0\" class=\"so-panel widget widget_sow-editor panel-first-child panel-last-child\" data-index=\"8\" ><div\n\t\t\t\n\t\t\tclass=\"so-widget-sow-editor so-widget-sow-editor-base\"\n\t\t\t\n\t\t>\n<div class=\"siteorigin-widget-tinymce textwidget\">\n\t<h2 style=\"text-align: center;\">Social Media<\/h2>\n<\/div>\n<\/div><\/div><\/div><\/div><div id=\"pg-771-6\"  class=\"panel-grid panel-no-style\" ><div id=\"pgc-771-6-0\"  class=\"panel-grid-cell\" ><div id=\"panel-771-6-0-0\" class=\"so-panel widget widget_sow-editor panel-first-child panel-last-child\" data-index=\"9\" ><div\n\t\t\t\n\t\t\tclass=\"so-widget-sow-editor so-widget-sow-editor-base\"\n\t\t\t\n\t\t>\n<div class=\"siteorigin-widget-tinymce textwidget\">\n\t<p style=\"text-align: center;\"><strong>Facebook<\/strong><br \/>\n<a href=\"https:\/\/www.facebook.com\/cyberbionic\" target=\"_blank\" rel=\"noopener\">facebook.com\/cyberbionic<\/a><\/p>\n<\/div>\n<\/div><\/div><\/div><div id=\"pgc-771-6-1\"  class=\"panel-grid-cell\" ><div id=\"panel-771-6-1-0\" class=\"so-panel widget widget_sow-editor panel-first-child panel-last-child\" data-index=\"10\" ><div\n\t\t\t\n\t\t\tclass=\"so-widget-sow-editor so-widget-sow-editor-base\"\n\t\t\t\n\t\t>\n<div class=\"siteorigin-widget-tinymce textwidget\">\n\t<p style=\"text-align: center;\"><strong>Soundcloud<\/strong><br \/>\n<a href=\"https:\/\/soundcloud.com\/dj-cyber-636057892\" target=\"_blank\" rel=\"noopener\">soundcloud.com\/dj-cyber<\/a><\/p>\n<\/div>\n<\/div><\/div><\/div><div id=\"pgc-771-6-2\"  class=\"panel-grid-cell\" ><div id=\"panel-771-6-2-0\" class=\"so-panel widget widget_sow-editor panel-first-child panel-last-child\" data-index=\"11\" ><div\n\t\t\t\n\t\t\tclass=\"so-widget-sow-editor so-widget-sow-editor-base\"\n\t\t\t\n\t\t>\n<div class=\"siteorigin-widget-tinymce textwidget\">\n\t<p style=\"text-align: center;\"><strong>Instagram<\/strong><br \/>\n<a href=\"https:\/\/www.instagram.com\/djcyber69\/\" target=\"_blank\" rel=\"noopener\">instagram.com\/djcyber69\/<\/a><\/p>\n<\/div>\n<\/div><\/div><\/div><div id=\"pgc-771-6-3\"  class=\"panel-grid-cell\" ><div id=\"panel-771-6-3-0\" class=\"so-panel widget widget_sow-editor panel-first-child panel-last-child\" data-index=\"12\" ><div\n\t\t\t\n\t\t\tclass=\"so-widget-sow-editor so-widget-sow-editor-base\"\n\t\t\t\n\t\t>\n<div class=\"siteorigin-widget-tinymce textwidget\">\n\t<p style=\"text-align: center;\"><strong>LinkedIn<\/strong><br \/>\n<a href=\"https:\/\/www.linkedin.com\/in\/djcyber69\/\" target=\"_blank\" rel=\"noopener\">linkedin.com\/in\/djcyber69<\/a><\/p>\n<\/div>\n<\/div><\/div><\/div><\/div><\/div>","protected":false},"excerpt":{"rendered":"<p>DJ, enf\u00f3cate en la mezcla, nosotros nos encargamos del resto \u00a1Potencia tu set con el respaldo t\u00e9cnico de HG Sound! Deja el trabajo pesado en nuestras manos y eleva tu presentaci\u00f3n con audio de alta fidelidad. T\u00fa solo trae tu<\/p>\n","protected":false},"author":1,"featured_media":0,"parent":688,"menu_order":0,"comment_status":"closed","ping_status":"closed","template":"","meta":{"footnotes":""},"class_list":["post-771","page","type-page","status-publish","hentry","","tg-column-two"],"jetpack_sharing_enabled":true,"_links":{"self":[{"href":"https:\/\/hgsound.mundonuevo.net\/sp\/wp-json\/wp\/v2\/pages\/771","targetHints":{"allow":["GET"]}}],"collection":[{"href":"https:\/\/hgsound.mundonuevo.net\/sp\/wp-json\/wp\/v2\/pages"}],"about":[{"href":"https:\/\/hgsound.mundonuevo.net\/sp\/wp-json\/wp\/v2\/types\/page"}],"author":[{"embeddable":true,"href":"https:\/\/hgsound.mundonuevo.net\/sp\/wp-json\/wp\/v2\/users\/1"}],"replies":[{"embeddable":true,"href":"https:\/\/hgsound.mundonuevo.net\/sp\/wp-json\/wp\/v2\/comments?post=771"}],"version-history":[{"count":63,"href":"https:\/\/hgsound.mundonuevo.net\/sp\/wp-json\/wp\/v2\/pages\/771\/revisions"}],"predecessor-version":[{"id":2231,"href":"https:\/\/hgsound.mundonuevo.net\/sp\/wp-json\/wp\/v2\/pages\/771\/revisions\/2231"}],"up":[{"embeddable":true,"href":"https:\/\/hgsound.mundonuevo.net\/sp\/wp-json\/wp\/v2\/pages\/688"}],"wp:attachment":[{"href":"https:\/\/hgsound.mundonuevo.net\/sp\/wp-json\/wp\/v2\/media?parent=771"}],"curies":[{"name":"wp","href":"https:\/\/api.w.org\/{rel}","templated":true}]}}